{"id":29,"date":"2025-04-10T20:00:37","date_gmt":"2025-04-10T20:00:37","guid":{"rendered":"https:\/\/budynosmakumickiewicza.pl\/?page_id=29"},"modified":"2025-04-10T20:00:37","modified_gmt":"2025-04-10T20:00:37","slug":"polityka-prywatnosci","status":"publish","type":"page","link":"https:\/\/budynosmakumickiewicza.pl\/index.php\/polityka-prywatnosci\/","title":{"rendered":"Polityka prywatno\u015bci"},"content":{"rendered":"\n<h6 class=\"wp-block-heading\">Na tej stronie znajdziesz informacje zwi\u0105zane z zasadami przetwarzania danych osobowych oraz wykorzystania plik\u00f3w cookies (tzw. ciasteczek) na mojej stronie internetowej: <a href=\"https:\/\/budynosmakumickiewicza.pl\/\">https:\/\/budynosmakumickiewicza.pl\/<\/a><\/h6>\n\n\n\n<h6 class=\"wp-block-heading\">Administratorem strony internetowej oraz Twoich danych osobowych jest:\u2028<\/h6>\n\n\n\n<h6 class=\"wp-block-heading\">Nikola Ko\u0142odziejczyk (firma Przed Pa\u0144stwem Nikola Ko\u0142odziejczyk)<\/h6>\n\n\n\n<h6 class=\"wp-block-heading\">\u2028ul. Brzozowa Polana 3\/1, 05-540 K\u0119dzier\u00f3wka<\/h6>\n\n\n\n<h6 class=\"wp-block-heading\">\u2028NIP: 9452032753 REGON: 540804370<\/h6>\n\n\n\n<h6 class=\"wp-block-heading\">W przypadku pyta\u0144 lub w\u0105tpliwo\u015bci zwi\u0105zanych z polityk\u0105 prywatno\u015bci oraz ochron\u0105 Twoich danych osobowych mo\u017cesz skontaktowa\u0107 si\u0119 ze mn\u0105 pod adresem e \u2013 mail: kontakt@nikolakolodziejczyk.com<\/h6>\n\n\n\n<h6 class=\"wp-block-heading\">Informacje podstawowe <\/h6>\n\n\n\n<p>\u2028Twoje dane osobowe mog\u0105 do mnie trafi\u0107, bo:<\/p>\n\n\n\n<h6 class=\"wp-block-heading\">\u2028\u2013 skontaktowa\u0142e\u015b si\u0119 ze mn\u0105 poprzez formularz kontaktowy lub z\u0142o\u017cy\u0142e\u015b zam\u00f3wienie w moim sklepie\u2028<\/h6>\n\n\n\n<h6 class=\"wp-block-heading\">\u2013 zapisa\u0142e\u015b si\u0119 na newsletter\u2028<\/h6>\n\n\n\n<h6 class=\"wp-block-heading\">Gwarantuj\u0119, \u017ce Twoje dane zostan\u0105 poufne, bezpieczne.<\/h6>\n\n\n\n<h6 class=\"wp-block-heading\">Nie udost\u0119pni\u0119 ich jakimkolwiek podmiotom trzecim bez Twojej wyra\u017anej zgody.\u2028<\/h6>\n\n\n\n<h6 class=\"wp-block-heading\">Narz\u0119dzia, z kt\u00f3rych korzystam to:\u2028<\/h6>\n\n\n\n<h6 class=\"wp-block-heading\">\u2013 Google Analytics\u2028<\/h6>\n\n\n\n<h6 class=\"wp-block-heading\">\u2013 Facebook<\/h6>\n\n\n\n<h6 class=\"wp-block-heading\">\u2028\u2013 Instagram<\/h6>\n\n\n\n<h6 class=\"wp-block-heading\">\u2028\u2013 TPAY<\/h6>\n\n\n\n<h6 class=\"wp-block-heading\">\u2028Dlatego wykorzystywane s\u0105 pliki cookies takich firm jak: Google LLC, Facebook, Instagram, TPAY.<\/h6>\n\n\n\n<h6 class=\"wp-block-heading\">Twoje prawa:\u2028<\/h6>\n\n\n\n<h6 class=\"wp-block-heading\">RODO przyznaje Ci nast\u0119puj\u0105ce potencjalne uprawnienia zwi\u0105zane z przetwarzaniem Twoich danych osobowych<\/h6>\n\n\n\n<h6 class=\"wp-block-heading\">\u2013 prawo dost\u0119pu do danych osobowych, ich korekty lub usuni\u0119cia<\/h6>\n\n\n\n<h6 class=\"wp-block-heading\">\u2028\u2013 prawo do ograniczenia przetwarzania danych osobowych,\u2028<\/h6>\n\n\n\n<h6 class=\"wp-block-heading\">\u2013 prawo do sprzeciwu odno\u015bnie przetwarzania danych osobowych,<\/h6>\n\n\n\n<h6 class=\"wp-block-heading\">\u2028\u2013 prawo do przenoszenia danych oraz do wniesienia skargi do organu nadzoru<\/h6>\n\n\n\n<h6 class=\"wp-block-heading\">\u2028\u2013 prawo do odwo\u0142ania zgody na przetwarzanie danych osobowych\u2028<\/h6>\n\n\n\n<h6 class=\"wp-block-heading\">W art. 16-21 RODO znajdziesz wszystkie zasady odno\u015bnie realizacji powy\u017cszych uprawnie\u0144.<\/h6>\n\n\n\n<h6 class=\"wp-block-heading\">Bezpiecze\u0144stwo\u2028<\/h6>\n\n\n\n<h6 class=\"wp-block-heading\">Zgodnie z obowi\u0105zuj\u0105cymi przepisami o ochronie danych osobowych, zapewniam, \u017ce Twoje dane pozostaj\u0105 poufne.<\/h6>\n\n\n\n<h6 class=\"wp-block-heading\">Z najwi\u0119ksz\u0105 staranno\u015bci\u0105 zabezpieczam i chroni\u0119 je przed dost\u0119pem nieupowa\u017cnionych os\u00f3b trzecich.<\/h6>\n\n\n\n<h6 class=\"wp-block-heading\">Odbiorcy danych<\/h6>\n\n\n\n<h6 class=\"wp-block-heading\">\u2028Mo\u017ce zaistnie\u0107 sytuacja, \u017ce Twoje dane b\u0119d\u0105 przetwarzane przez podwykonawc\u00f3w, czyli podmioty, z us\u0142ug kt\u00f3rych korzystam przy prowadzeniu strony. Do takich podmiot\u00f3w nale\u017c\u0105:\u2028<\/h6>\n\n\n\n<h6 class=\"wp-block-heading\">\u2013 TPAY &#8211; obs\u0142uga p\u0142atno\u015bci<\/h6>\n\n\n\n<h6 class=\"wp-block-heading\">\u2013 MailerLite: wysy\u0142ka newslettera, pod warunkiem dobrowolnego zapisania si\u0119 na list\u0119\u2028<\/h6>\n\n\n\n<h6 class=\"wp-block-heading\">\u2013 Google LLC: korzystanie z us\u0142ug Google, w tym poczty e \u2013 mail funkcjonuj\u0105cej w oparciu o serwery Google\u2028<\/h6>\n\n\n\n<h6 class=\"wp-block-heading\">\u2013 osoby, kt\u00f3re przy \u015bwiadczeniu na moj\u0105 rzecz us\u0142ug zwi\u0105zanych ze wsparciem technicznym strony internetowej mog\u0105 potencjalnie uzyska\u0107 dost\u0119p do Twoich danych osobowych.\u2028<\/h6>\n\n\n\n<h6 class=\"wp-block-heading\">Wszystkie powy\u017csze podmioty zapewniaj\u0105 stosowanie odpowiednich \u015brodk\u00f3w ochrony i bezpiecze\u0144stwa danych osobowych wymaganych przez przepisy prawa.<\/h6>\n\n\n\n<h6 class=\"wp-block-heading\">Newsletter\u2028<\/h6>\n\n\n\n<h6 class=\"wp-block-heading\">Mo\u017cesz w ka\u017cdej chwili zapisa\u0107 si\u0119 na m\u00f3j newsletter. By tego dokona\u0107 musisz poda\u0107 swoje imi\u0119 i adres e \u2013 mail. Twoje dane uzyskane w ten spos\u00f3b b\u0119d\u0119 wykorzystywa\u0107 do przesy\u0142ania Ci wiadomo\u015bci e \u2013 mail w ramach prowadzonego przeze mnie newslettera. Podstaw\u0105 prawn\u0105 do przetwarzania Twoich danych jest Twoja zgoda na zapis do listy mailingowej (art. 6 ust. 1 lit. A RODO). Dane b\u0119d\u0105 przetwarzane przez czas funkcjonowania newslettera. W ka\u017cdym momencie mo\u017cesz zrezygnowa\u0107 z jego otrzymywania i wypisa\u0107 si\u0119 z bazy subskrybent\u00f3w lub zmieni\u0107 swoje dane.<\/h6>\n\n\n\n<h6 class=\"wp-block-heading\">Kontakt mailowy\u2028<\/h6>\n\n\n\n<h6 class=\"wp-block-heading\">Wysy\u0142aj\u0105c mi wiadomo\u015b\u0107 za pomoc\u0105 poczty elektronicznej jako nadawca przekazujesz mi sw\u00f3j adres e-mail lub inne dane, kt\u00f3re dobrowolnie mo\u017cesz zawrze\u0107 w tre\u015bci wiadomo\u015bci. Podstaw\u0105 prawn\u0105 do przetwarzania Twoich danych osobowych jest Twoja zgoda na rozpocz\u0119cie kontaktu (art. 6 ust. 1 lit. A RODO). Nasza wsp\u00f3lna korespondencja b\u0119dzie archiwizowana na potrzeby wykazania jej przebiegu w przysz\u0142o\u015bci.<\/h6>\n\n\n\n<h6 class=\"wp-block-heading\">Kontakt poprzez formularz<\/h6>\n\n\n\n<h6 class=\"wp-block-heading\">\u2028Wysy\u0142aj\u0105c mi wiadomo\u015b\u0107 za pomoc\u0105 formularza kontaktowego przekazujesz mi swoje dane w nim wskazane (w szczeg\u00f3lno\u015bci adres e \u2013 mail, nr telefonu oraz imi\u0119 i nazwisko). Podstaw\u0105 prawn\u0105 do przetwarzania Twoich danych osobowych jest Twoja zgoda na rozpocz\u0119cie kontaktu (art. 6 ust. 1 lit. A RODO). Nasza wsp\u00f3lna korespondencja b\u0119dzie archiwizowana na potrzeby wykazania jej przebiegu w przysz\u0142o\u015bci.<\/h6>\n\n\n\n<h6 class=\"wp-block-heading\">Pliki cookies\u2028<\/h6>\n\n\n\n<h6 class=\"wp-block-heading\">Strona https:\/\/www.wczulymobiektywie.pl\/ wykorzystuje pliki cookies, czyli kr\u00f3tkie informacje tekstowe, kt\u00f3re s\u0105 przechowywane na Twoim urz\u0105dzeniu ko\u0144cowym. Mog\u0105 by\u0107 one rejestrowane w naszym systemie teleinformatycznym.<br>Cookies umo\u017cliwiaj\u0105:\u2028<\/h6>\n\n\n\n<h6 class=\"wp-block-heading\">\u2013 zapami\u0119tanie wybranych przez Ciebie ustawie\u0144<\/h6>\n\n\n\n<h6 class=\"wp-block-heading\">\u2013 zapewnienie prawid\u0142owego funkcjonowanie strony internetowej<\/h6>\n\n\n\n<h6 class=\"wp-block-heading\">\u2013 kierowanie tre\u015bci reklamowych bardziej dostosowanych do Twoich zainteresowa\u0144<\/h6>\n\n\n\n<h6 class=\"wp-block-heading\">\u2028\u2013 korzystanie z narz\u0119dzi marketingowych<\/h6>\n\n\n\n<h6 class=\"wp-block-heading\">\u2028\u2013 poprawiaj\u0105 funkcjonalno\u015b\u0107 i bezpiecze\u0144stwo korzystania ze strony<\/h6>\n\n\n\n<h6 class=\"wp-block-heading\">Na stronie https:\/\/wczulymobiektywie.pl\/ mo\u017cna znale\u017a\u0107:\u2028<\/h6>\n\n\n\n<h6 class=\"wp-block-heading\">a) cookies w\u0142asne, czyli te, kt\u00f3re pozwalaj\u0105 na prawid\u0142owe funkcjonowanie strony (np. odnotowuj\u0105 fakt zaakceptowania wykorzystywania plik\u00f3w cookies)<\/h6>\n\n\n\n<h6 class=\"wp-block-heading\">\u2028b) cookies stron trzecich (podobnie jak w przypadku wi\u0119kszo\u015bci wsp\u00f3\u0142czesnych stron internetowych), czyli te, kt\u00f3re pozwalaj\u0105 mi na remarketing i udost\u0119pnianie tre\u015bci w mediach spo\u0142eczno\u015bciowych.<\/h6>\n\n\n\n<h6 class=\"wp-block-heading\">Moja strona korzysta z cookies takich podmiot\u00f3w, jak: Facebook, Google Analytics, MailerLite.\u2028<\/h6>\n\n\n\n<h6 class=\"wp-block-heading\">Przy pierwszej wizycie na stronie wy\u015bwietlana jest informacja na temat stosowania plik\u00f3w cookies.<\/h6>\n\n\n\n<h6 class=\"wp-block-heading\">W ka\u017cdym momencie masz mo\u017cliwo\u015b\u0107 usuni\u0119cia plik\u00f3w cookies i\/lub zablokowania ich zapami\u0119tywania. Ustawienia takie oferuje ka\u017cda przegl\u0105darka internetowa. Pami\u0119taj jednak, \u017ce wy\u0142\u0105czenie plik\u00f3w cookies mo\u017ce powodowa\u0107 trudno\u015bci w korzystaniu ze strony, jak r\u00f3wnie\u017c z wielu innych portali internetowych, kt\u00f3re stosuj\u0105 cookies.<\/h6>\n\n\n\n<h6 class=\"wp-block-heading\">Logi serwera<\/h6>\n\n\n\n<h6 class=\"wp-block-heading\">\u2028Korzystanie ze strony wi\u0105\u017ce si\u0119 z przesy\u0142aniem zapyta\u0144 do serwera, na kt\u00f3rym przechowywana jest strona. Ka\u017cde zapytanie skierowane do serwera zapisywane jest w logach serwera.<\/h6>\n\n\n\n<h6 class=\"wp-block-heading\">\u2028Logi obejmuj\u0105 m.in. Tw\u00f3j adres IP, dat\u0119 i czas serwera, informacje o przegl\u0105darce internetowej i systemie operacyjnym z jakiego korzystasz. Logi zapisywane i przechowywane s\u0105 na serwerze. \u2028Dane zapisane w logach serwera nie s\u0105 kojarzone z konkretnymi osobami korzystaj\u0105cymi ze strony i nie s\u0105 wykorzystywane przeze mnie w celu Twojej identyfikacji.\u2028 Logi serwera stanowi\u0105 wy\u0142\u0105cznie materia\u0142 pomocniczy s\u0142u\u017c\u0105cy do administrowania stron\u0105, a ich zawarto\u015b\u0107 nie jest ujawniana nikomu poza osobami upowa\u017cnionymi do administrowania serwerem<\/h6>\n\n\n\n<p><\/p>\n","protected":false},"excerpt":{"rendered":"<p>Na tej stronie znajdziesz informacje zwi\u0105zane z zasadami przetwarzania danych osobowych oraz wykorzystania plik\u00f3w cookies (tzw. ciasteczek) na mojej stronie<\/p>\n<p><span class=\"more-link\"><a href=\"https:\/\/budynosmakumickiewicza.pl\/index.php\/polityka-prywatnosci\/\" class=\"readmore\">Continue reading<span class=\"screen-reader-text\">Polityka prywatno\u015bci<\/span><\/a><\/span><\/p>\n","protected":false},"author":1,"featured_media":0,"parent":0,"menu_order":0,"comment_status":"closed","ping_status":"closed","template":"","meta":{"footnotes":""},"class_list":["post-29","page","type-page","status-publish","hentry"],"_links":{"self":[{"href":"https:\/\/budynosmakumickiewicza.pl\/index.php\/wp-json\/wp\/v2\/pages\/29","targetHints":{"allow":["GET"]}}],"collection":[{"href":"https:\/\/budynosmakumickiewicza.pl\/index.php\/wp-json\/wp\/v2\/pages"}],"about":[{"href":"https:\/\/budynosmakumickiewicza.pl\/index.php\/wp-json\/wp\/v2\/types\/page"}],"author":[{"embeddable":true,"href":"https:\/\/budynosmakumickiewicza.pl\/index.php\/wp-json\/wp\/v2\/users\/1"}],"replies":[{"embeddable":true,"href":"https:\/\/budynosmakumickiewicza.pl\/index.php\/wp-json\/wp\/v2\/comments?post=29"}],"version-history":[{"count":1,"href":"https:\/\/budynosmakumickiewicza.pl\/index.php\/wp-json\/wp\/v2\/pages\/29\/revisions"}],"predecessor-version":[{"id":30,"href":"https:\/\/budynosmakumickiewicza.pl\/index.php\/wp-json\/wp\/v2\/pages\/29\/revisions\/30"}],"wp:attachment":[{"href":"https:\/\/budynosmakumickiewicza.pl\/index.php\/wp-json\/wp\/v2\/media?parent=29"}],"curies":[{"name":"wp","href":"https:\/\/api.w.org\/{rel}","templated":true}]}}