{"id":26,"date":"2025-04-10T19:56:05","date_gmt":"2025-04-10T19:56:05","guid":{"rendered":"https:\/\/budynosmakumickiewicza.pl\/?page_id=26"},"modified":"2025-04-10T19:56:05","modified_gmt":"2025-04-10T19:56:05","slug":"regulamin-sklepu","status":"publish","type":"page","link":"https:\/\/budynosmakumickiewicza.pl\/index.php\/regulamin-sklepu\/","title":{"rendered":"Regulamin Sklepu"},"content":{"rendered":"\n<p>\u00a7 1<\/p>\n\n\n\n<p>Postanowienia wst\u0119pne<\/p>\n\n\n\n<p>1. Sklep internetowy dost\u0119pny pod adresem internetowym <a href=\"https:\/\/budynosmakumickiewicza.pl\/\">https:\/\/budynosmakumickiewicza.pl\/<\/a> prowadzony jest przez Nikol\u0119 Ko\u0142odziejczyka prowadz\u0105cego dzia\u0142alno\u015b\u0107 gospodarcz\u0105 pod firm\u0105 Przed Pa\u0144stwem Nikola Ko\u0142odziejczyk wpisan\u0105 do Centralnej Ewidencji i Informacji o Dzia\u0142alno\u015bci Gospodarczej (CEIDG) prowadzonej przez ministra w\u0142a\u015bciwego ds. gospodarki, NIP: 9452032753 REGON: 540804370<\/p>\n\n\n\n<p>2. Niniejszy Regulamin skierowany jest zar\u00f3wno do Konsument\u00f3w, jak i do Przedsi\u0119biorc\u00f3w korzystaj\u0105cych ze Sklepu i okre\u015bla zasady korzystania ze Sklepu internetowego oraz zasady i tryb zawierania Um\u00f3w Sprzeda\u017cy z Klientem na odleg\u0142o\u015b\u0107 za po\u015brednictwem Sklepu.<\/p>\n\n\n\n<p>\u00a7 2<\/p>\n\n\n\n<p>Definicje<\/p>\n\n\n\n<p>1. Konsument \u2013 osoba fizyczna zawieraj\u0105ca ze Sprzedawc\u0105 umow\u0119 w ramach Sklepu, kt\u00f3rej przedmiot nie jest zwi\u0105zany bezpo\u015brednio z jej dzia\u0142alno\u015bci\u0105 gospodarcz\u0105 lub zawodow\u0105.<br>2. Sprzedawca \u2013 osoba fizyczna prowadz\u0105ca dzia\u0142alno\u015b\u0107 gospodarcz\u0105 pod firm\u0105 Przed Pa\u0144stwem Nikola Ko\u0142odziejczyk wpisan\u0105 do Centralnej Ewidencji i Informacji o Dzia\u0142alno\u015bci Gospodarczej (CEIDG) prowadzonej przez ministra w\u0142a\u015bciwego ds. gospodarki, NIP: 9452032753 REGON: 540804370<br>3. Klient \u2013 ka\u017cdy podmiot dokonuj\u0105cy zakup\u00f3w za po\u015brednictwem Sklepu.<br>4. Przedsi\u0119biorca \u2013 osoba fizyczna, osoba prawna i jednostka organizacyjna nieb\u0119d\u0105ca osob\u0105 prawn\u0105, kt\u00f3rej odr\u0119bna ustawa przyznaje zdolno\u015b\u0107 prawn\u0105, wykonuj\u0105ca we w\u0142asnym imieniu dzia\u0142alno\u015b\u0107 gospodarcz\u0105, kt\u00f3ra korzysta ze Sklepu.<br>5. Sklep \u2013 sklep internetowy prowadzony przez Sprzedawc\u0119 pod adresem internetowym: <a href=\"https:\/\/budynosmakumickiewicza.pl\">https:\/\/budynosmakumickiewicza.pl<\/a><br>6. Umowa zawarta na odleg\u0142o\u015b\u0107 \u2013 umowa zawarta z Klientem w ramach zorganizowanego systemu zawierania um\u00f3w na odleg\u0142o\u015b\u0107 (w ramach Sklepu), bez jednoczesnej fizycznej obecno\u015bci stron, z wy\u0142\u0105cznym wykorzystaniem jednego lub wi\u0119kszej liczby \u015brodk\u00f3w porozumiewania si\u0119 na odleg\u0142o\u015b\u0107 do chwili zawarcia umowy w\u0142\u0105cznie.<br>7. Regulamin \u2013 niniejszy regulamin Sklepu.<br>8. Zam\u00f3wienie \u2013 o\u015bwiadczenie woli Klienta sk\u0142adane za pomoc\u0105 Formularza zam\u00f3wienia i zmierzaj\u0105ce bezpo\u015brednio do zawarcia Umowy Sprzeda\u017cy Produktu lub Produkt\u00f3w ze Sprzedawc\u0105.<br>9. Konto \u2013 konto klienta w Sklepie, s\u0105 w nim gromadzone s\u0105 dane podane przez Klienta oraz informacje o z\u0142o\u017conych przez niego Zam\u00f3wieniach w Sklepie.<br>10. Formularz rejestracji \u2013 formularz dost\u0119pny w Sklepie, umo\u017cliwiaj\u0105cy utworzenie Konta.<br>11. Formularz zam\u00f3wienia \u2013 interaktywny formularz dost\u0119pny w Sklepie umo\u017cliwiaj\u0105cy z\u0142o\u017cenie Zam\u00f3wienia, w szczeg\u00f3lno\u015bci poprzez dodanie Produkt\u00f3w do Koszyka oraz okre\u015blenie warunk\u00f3w Umowy Sprzeda\u017cy, w tym sposobu dostawy i p\u0142atno\u015bci.<br>12. Koszyk \u2013 element oprogramowania Sklepu, w kt\u00f3rym widoczne s\u0105 wybrane przez Klienta Produkty do zakupu, a tak\u017ce istnieje mo\u017cliwo\u015b\u0107 ustalenia i modyfikacji danych Zam\u00f3wienia, w szczeg\u00f3lno\u015bci ilo\u015bci produkt\u00f3w.<br>13. Produkt \u2013 dost\u0119pna w Sklepie rzecz ruchoma\/us\u0142uga\/produkt cyfrowy b\u0119d\u0105ce przedmiotem Umowy Sprzeda\u017cy mi\u0119dzy Klientem a Sprzedawc\u0105.<br>14. Umowa sprzeda\u017cy \u2013 umowa sprzeda\u017cy Produktu zawierana albo zawarta mi\u0119dzy Klientem a Sprzedawc\u0105 za po\u015brednictwem Sklepu internetowego. Przez Umow\u0119 sprzeda\u017cy rozumie si\u0119 te\u017c \u2013 stosowanie do cech Produktu \u2013 umow\u0119 o \u015bwiadczenie us\u0142ug i umow\u0119 o dzie\u0142o.<\/p>\n\n\n\n<p>\u00a7 3<\/p>\n\n\n\n<p>Kontakt ze Sklepem<\/p>\n\n\n\n<p>1. Adres Sprzedawcy: ul. Brzozowa Polana 3\/1, 05-540 K\u0119dzier\u00f3wka<br>2. Adres do zwrot\u00f3w towar\u00f3w fizycznych: ul. Brzozowa Polana 3\/1, 05-540 K\u0119dzier\u00f3wka<br>3. Adres e-mail Sprzedawcy: kontakt@nikolakolodziejczyk.com<br>4. Klient mo\u017ce porozumiewa\u0107 si\u0119 ze Sprzedawc\u0105 za pomoc\u0105 adres\u00f3w podanych w niniejszym paragrafie.<\/p>\n\n\n\n<p>\u00a7 4<\/p>\n\n\n\n<p>Wymagania techniczne<\/p>\n\n\n\n<p>1. Do korzystania ze Sklepu, w tym przegl\u0105dania asortymentu Sklepu oraz sk\u0142adania zam\u00f3wie\u0144 na Produkty, niezb\u0119dne s\u0105:<\/p>\n\n\n\n<p>a. urz\u0105dzenie ko\u0144cowe z dost\u0119pem do sieci Internet i przegl\u0105dark\u0105 internetow\u0105 typu Google Chrome X.0 lub wy\u017cszy lub innej, o podobnych lub wy\u017cszych parametrach;<\/p>\n\n\n\n<p>\u2028b. aktywne konto poczty elektronicznej (e-mail),\u2028c. w\u0142\u0105czona obs\u0142uga plik\u00f3w cookies.<\/p>\n\n\n\n<p>\u00a7 5<\/p>\n\n\n\n<p>\u2028Informacje og\u00f3lne<\/p>\n\n\n\n<p>1. Sprzedawca w najszerszym dopuszczalnym przez prawo zakresie nie ponosi odpowiedzialno\u015bci za zak\u0142\u00f3cenia w tym przerwy w funkcjonowaniu Sklepu spowodowane si\u0142\u0105 wy\u017csz\u0105, niedozwolonym dzia\u0142aniem os\u00f3b trzecich lub niekompatybilno\u015bci\u0105 Sklepu internetowego z infrastruktur\u0105 techniczn\u0105 Klienta.<br>2. Przegl\u0105danie asortymentu Sklepu nie wymaga zak\u0142adania Konta. Sk\u0142adanie zam\u00f3wie\u0144 przez Klienta na Produkty znajduj\u0105ce si\u0119 w asortymencie Sklepu mo\u017cliwe jest albo po za\u0142o\u017ceniu Konta zgodnie z postanowieniami \u00a7 6 Regulaminu albo przez podanie niezb\u0119dnych danych osobowych i adresowych umo\u017cliwiaj\u0105cych realizacj\u0119 Zam\u00f3wienia bez zak\u0142adania Konta.<br>Ceny podane w Sklepie s\u0105 podane w polskich z\u0142otych i s\u0105 cenami brutto.<\/p>\n\n\n\n<p>\u00a7 6<\/p>\n\n\n\n<p>Zak\u0142adanie Konta w Sklepie<\/p>\n\n\n\n<p>1. Aby za\u0142o\u017cy\u0107 Konto w Sklepie, nale\u017cy wype\u0142ni\u0107 Formularz rejestracji.<br>2. Za\u0142o\u017cenie Konta w Sklepie jest darmowe.<br>3. Logowanie si\u0119 na Konto odbywa si\u0119 poprzez podanie loginu i has\u0142a ustanowionych w Formularzu rejestracji.<br>4. Klient ma mo\u017cliwo\u015b\u0107 w ka\u017cdej chwili, bez podania przyczyny i bez ponoszenia z tego tytu\u0142u jakichkolwiek op\u0142at usun\u0105\u0107 Konto poprzez wys\u0142anie stosownego \u017c\u0105dania do Sprzedawcy, w szczeg\u00f3lno\u015bci za po\u015brednictwem poczty elektronicznej.<\/p>\n\n\n\n<p>\u00a7 7<\/p>\n\n\n\n<p>\u2028Zasady sk\u0142adania Zam\u00f3wienia<\/p>\n\n\n\n<p>W celu z\u0142o\u017cenia Zam\u00f3wienia nale\u017cy:<br>1. wybra\u0107 Produkt b\u0119d\u0105cy przedmiotem Zam\u00f3wienia, a nast\u0119pnie klikn\u0105\u0107 przycisk \u201eKup\u201d;<br>2. post\u0119powa\u0107 zgodnie z instrukcjami wy\u015bwietlanymi podczas kolejnych krok\u00f3w sk\u0142adania Zam\u00f3wienia;<br>3 wype\u0142ni\u0107 Formularz zam\u00f3wienia poprzez wpisanie danych odbiorcy Zam\u00f3wienia oraz adresu rozliczeniowego, wpisa\u0107 dane do faktury, je\u015bli s\u0105 inne ni\u017c dane odbiorcy Zam\u00f3wienia;<br>4. klikn\u0105\u0107 przycisk \u201cKupuj\u0119 i p\u0142ac\u0119\u201d;<br>5. przed z\u0142o\u017ceniem Zam\u00f3wienia zapozna\u0107 si\u0119 z Regulaminem oraz potwierdzi\u0107 zapoznanie si\u0119 z Regulaminem przed potwierdzeniem Zam\u00f3wienia; zako\u0144czenie Zam\u00f3wienia nie b\u0119dzie mo\u017cliwe bez potwierdzenia zapoznania si\u0119 z Regulaminem,<br>7. wybra\u0107 jeden z dost\u0119pnych sposob\u00f3w p\u0142atno\u015bci i w zale\u017cno\u015bci od sposobu p\u0142atno\u015bci, op\u0142aci\u0107 zam\u00f3wienie w okre\u015blonym terminie.<\/p>\n\n\n\n<p>\u00a7 8<\/p>\n\n\n\n<p>\u2028Oferowane metody p\u0142atno\u015bci<\/p>\n\n\n\n<p>1. Klient mo\u017ce skorzysta\u0107 z nast\u0119puj\u0105cych metod p\u0142atno\u015bci:<\/p>\n\n\n\n<p>a. P\u0142atno\u015bci elektroniczne;<\/p>\n\n\n\n<p>b. P\u0142atno\u015b\u0107 kart\u0105 p\u0142atnicz\u0105.<\/p>\n\n\n\n<p>\u00a7 9<\/p>\n\n\n\n<p>Wykonanie umowy sprzeda\u017cy<\/p>\n\n\n\n<ol class=\"wp-block-list\">\n<li>Zawarcie Umowy Sprzeda\u017cy mi\u0119dzy Klientem a Sprzedawc\u0105 nast\u0119puje po uprzednim z\u0142o\u017ceniu przez Klienta Zam\u00f3wienia za pomoc\u0105 Formularza zam\u00f3wienia w Sklepie internetowym zgodnie z \u00a7 7 Regulaminu.<\/li>\n\n\n\n<li>Po z\u0142o\u017ceniu Zam\u00f3wienia Sprzedawca niezw\u0142ocznie potwierdza jego otrzymanie oraz jednocze\u015bnie przyjmuje Zam\u00f3wienie do realizacji.<\/li>\n\n\n\n<li>Potwierdzenie otrzymania Zam\u00f3wienia i jego przyj\u0119cie do realizacji nast\u0119puje poprzez przes\u0142anie przez Sprzedawc\u0119 Klientowi stosownej wiadomo\u015bci e-mail na podany w trakcie sk\u0142adania Zam\u00f3wienia adres poczty elektronicznej Klienta, kt\u00f3ra zawiera co najmniej o\u015bwiadczenia Sprzedawcy o otrzymaniu Zam\u00f3wienia i o jego przyj\u0119ciu do realizacji oraz potwierdzenie zawarcia Umowy Sprzeda\u017cy.<\/li>\n\n\n\n<li>Z chwil\u0105 otrzymania przez Klienta powy\u017cszej wiadomo\u015bci e-mail zostaje zawarta Umowa Sprzeda\u017cy mi\u0119dzy Klientem a Sprzedawc\u0105.<\/li>\n\n\n\n<li>Klient obowi\u0105zany jest do dokonania p\u0142atno\u015bci w terminie 3 dni roboczych od dnia zawarcia Umowy Sprzeda\u017cy \u2013 w przeciwnym razie zam\u00f3wienie zostanie anulowane.<\/li>\n\n\n\n<li>Sprzedawca przyst\u0105pi do realizacji Zam\u00f3wienia w terminie do 24h od chwili zaksi\u0119gowania p\u0142atno\u015bci ceny, a w przypadku Produkt\u00f3w bezp\u0142atnych \u2013 niezw\u0142ocznie po zawarciu umowy.<\/li>\n<\/ol>\n\n\n\n<p>\u00a7 10<\/p>\n\n\n\n<p>\u2028Produkty<\/p>\n\n\n\n<p>1. W przypadku Produkt\u00f3w stanowi\u0105cych utw\u00f3r w rozumieniu ustawy o prawie autorskim i prawach pokrewnych, Sprzedawca o\u015bwiadcza, \u017ce jest uprawniony do oferowania i dystrybucji tych Produkt\u00f3w na warunkach okre\u015blonych w Regulaminie<\/p>\n\n\n\n<p>\u00a7 11\u2028<\/p>\n\n\n\n<p>Koszty i termin wysy\u0142ki<\/p>\n\n\n\n<p>1. Towar fizyczny wysy\u0142any jest pod adres wskazany w formularzu zam\u00f3wienia albo drog\u0105 mailow\u0105.<\/p>\n\n\n\n<p>2. Sprzedawca poinformuje Klienta niezw\u0142ocznie o nieprawid\u0142owo wype\u0142nionym formularzu zam\u00f3wienia, kt\u00f3ry uniemo\u017cliwia dokonanie wysy\u0142ki lub mo\u017ce j\u0105 op\u00f3\u017ani\u0107.<br>3. Towar jest dostarczany za pomoc\u0105 wyspecjalizowanych firm kurierskich lub za po\u015brednictwem Poczty Polskiej.<br>4. Przesy\u0142ka wysy\u0142ana jest w ci\u0105gu 3 dni roboczych od otrzymania przez Sprzedawc\u0119 p\u0142atno\u015bci za produkt lub w terminie wskazanym na stronie Produktu (np. w przypadku przedsprzeda\u017cy\/pre-orderu).<\/p>\n\n\n\n<p>5. Przy wyborze opcji p\u0142atno\u015bci \u201eprzelew\u201d lub \u201ep\u0142atno\u015b\u0107 kart\u0105 lub przelewem online\u201d do czasu podanego na stronach serwisu nale\u017cy doliczy\u0107 czas zaksi\u0119gowania \u015brodk\u00f3w na rachunku bankowym Sprzedawcy (zwykle 1-2 dni robocze).<br>6. Klient jest obci\u0105\u017cany kosztami dostawy (wysy\u0142ki) okre\u015blonymi w kosztach transportu opisanymi na formularzu zam\u00f3wienia.<\/p>\n\n\n\n<p>\u00a7 12\u2028<\/p>\n\n\n\n<p>Prawo odst\u0105pienia od umowy<\/p>\n\n\n\n<p>1. Konsument mo\u017ce w terminie 14 dni odst\u0105pi\u0107 od Umowy Sprzeda\u017cy bez podania jakiejkolwiek przyczyny.<br>2. Bieg terminu okre\u015blonego w ust. 1 rozpoczyna si\u0119 od dostarczenia Produktu Konsumentowi lub wskazanej przez niego osobie.<br>3. Konsument mo\u017ce odst\u0105pi\u0107 od Umowy, sk\u0142adaj\u0105c Sprzedawcy o\u015bwiadczenie o odst\u0105pieniu od Umowy. Do zachowania terminu odst\u0105pienia od Umowy wystarczy wys\u0142anie przez Konsumenta o\u015bwiadczenia przed up\u0142ywem tego terminu.<br>4. O\u015bwiadczenie mo\u017ce by\u0107 wys\u0142ane drog\u0105 elektroniczn\u0105 poprzez przes\u0142anie o\u015bwiadczenia na adres e-mail Sprzedawcy. O\u015bwiadczenie mo\u017cna r\u00f3wnie\u017c na formularzu, kt\u00f3rego wz\u00f3r stanowi za\u0142\u0105cznik nr 1 do niniejszego Regulaminu oraz za\u0142\u0105cznik do ustawy z dnia 30 maja 2014 roku o prawach konsumenta, jednak nie jest to obowi\u0105zkowe.<br>5. W przypadku przes\u0142ania o\u015bwiadczenia przez Konsumenta drog\u0105 elektroniczn\u0105, Sprzedawca niezw\u0142ocznie prze\u015ble Konsumentowi na podany przez Konsumenta adres e-mail potwierdzenie otrzymania o\u015bwiadczenia o odst\u0105pieniu od Umowy.<br>6. Skutki odst\u0105pienia od Umowy:\u2028<\/p>\n\n\n\n<p>a. W przypadku odst\u0105pienia od Umowy zawartej na odleg\u0142o\u015b\u0107 Umow\u0119 uwa\u017ca si\u0119 za niezawart\u0105.<\/p>\n\n\n\n<p>\u2028b. W przypadku odst\u0105pienia od Umowy Sprzedawca zwraca Konsumentowi niezw\u0142ocznie, nie p\u00f3\u017aniej ni\u017c w terminie 14 dni od dnia otrzymania o\u015bwiadczenia&nbsp; Konsumenta o odst\u0105pieniu od Umowy, wszystkie dokonane przez niego p\u0142atno\u015bci, z wyj\u0105tkiem dodatkowych koszt\u00f3w wynikaj\u0105cych z wybranego przez Konsumenta sposobu dostarczenia Produktu.<\/p>\n\n\n\n<p>\u2028c. Zwrotu p\u0142atno\u015bci Sprzedawca dokona przy u\u017cyciu takich samych metod p\u0142atno\u015bci, jakie zosta\u0142y przez Konsumenta u\u017cyte w pierwotnej transakcji, chyba \u017ce Konsument wyra\u017anie zgodzi\u0142 si\u0119 na inne rozwi\u0105zanie, kt\u00f3re nie b\u0119dzie si\u0119 wi\u0105za\u0142o dla niego z \u017cadnymi kosztami.\u2028<\/p>\n\n\n\n<p>d. Sprzedawca mo\u017ce wstrzyma\u0107 si\u0119 ze zwrotem p\u0142atno\u015bci do czasu otrzymania Produktu z powrotem lub do czasu dostarczenia mu dowodu jego odes\u0142ania, w zale\u017cno\u015bci od tego, kt\u00f3re zdarzenie nast\u0105pi wcze\u015bniej.<\/p>\n\n\n\n<p>\u2028e. Konsument powinien odes\u0142a\u0107 Produkt na adres Sprzedawcy podany w niniejszym Regulaminie niezw\u0142ocznie, nie p\u00f3\u017aniej ni\u017c 14 dni od dnia, w kt\u00f3rym poinformowa\u0142 Sprzedawc\u0119 o odst\u0105pieniu od Umowy. Termin zostanie zachowany, je\u015bli Konsument ode\u015ble Produkt przed up\u0142ywem terminu 14 dni.\u2028<\/p>\n\n\n\n<p>f. Konsument ponosi bezpo\u015brednie koszty zwrotu Produktu, tak\u017ce koszty zwrotu Produktu, je\u015bli ze wzgl\u0119du na sw\u00f3j charakter Produkt ten nie m\u00f3g\u0142 zosta\u0107 w zwyk\u0142ym trybie odes\u0142any poczt\u0105.\u2028<\/p>\n\n\n\n<p>g. Konsument odpowiada tylko za zmniejszenie warto\u015bci Produktu wynikaj\u0105ce z korzystania z niego w spos\u00f3b inny ni\u017c by\u0142o to konieczne do stwierdzenia charakteru, cech i funkcjonowania Produktu.<br>Towar fizyczny nale\u017cy odes\u0142a\u0107 na adres: Przed Pa\u0144stwem Nikola Ko\u0142odziejczyk, ul. Brzozowa Polana 3\/1, 05-540 K\u0119dzier\u00f3wka<br>7. Prawo do odst\u0105pienia od umowy zawartej na odleg\u0142o\u015b\u0107 nie przys\u0142uguje Konsumentowi w odniesieniu do Umowy:\u2028<\/p>\n\n\n\n<p>a. o \u015bwiadczenie us\u0142ug, je\u017celi Sprzedawca wykona\u0142 w pe\u0142ni us\u0142ug\u0119 za wyra\u017an\u0105 zgod\u0105 Konsumenta, kt\u00f3ry zosta\u0142 poinformowany przez rozpocz\u0119ciem \u015bwiadczenia, \u017ce po spe\u0142nieniu \u015bwiadczenia przez Sprzedawc\u0119 utraci prawo odst\u0105pienia od Umowy,\u2028<\/p>\n\n\n\n<p>b. o dostarczenie tre\u015bci cyfrowych, kt\u00f3re nie s\u0105 zapisane na no\u015bniku materialnym, je\u017celi spe\u0142nianie \u015bwiadczenia rozpocz\u0119\u0142o si\u0119 za wyra\u017an\u0105 zgod\u0105 Konsumenta przed up\u0142ywem terminu do odst\u0105pienia od umowy i po poinformowaniu go przez Sprzedawc\u0119 o utracie prawa odst\u0105pienia od Umowy.<\/p>\n\n\n\n<p>POBIERZ FORMULARZ ODST\u0104PIENIA OD UMOWY<\/p>\n\n\n\n<p>\u00a7 13<\/p>\n\n\n\n<p>\u2028Reklamacja i gwarancja<\/p>\n\n\n\n<p>1. Reklamacj\u0119 nale\u017cy zg\u0142osi\u0107 drog\u0105 elektroniczn\u0105 na podany w niniejszym Regulaminie adres e-mail Sprzedawcy.<br>2. Sprzedawca ustosunkuje si\u0119 do \u017c\u0105dania reklamacyjnego niezw\u0142ocznie, nie p\u00f3\u017aniej ni\u017c w terminie 14 dni, a je\u015bli nie zrobi tego w tym terminie, uwa\u017ca si\u0119, \u017ce \u017c\u0105danie Klienta uzna\u0142 za uzasadnione.<\/p>\n\n\n\n<p>\u00a7 14\u2028<\/p>\n\n\n\n<p>&nbsp;Pozas\u0105dowe sposoby rozpatrywania reklamacji i dochodzenia roszcze\u0144<\/p>\n\n\n\n<p>1. Szczeg\u00f3\u0142owe informacje dotycz\u0105ce mo\u017cliwo\u015bci skorzystania przez Konsumenta z pozas\u0105dowych sposob\u00f3w rozpatrywania reklamacji i dochodzenia roszcze\u0144 oraz zasady dost\u0119pu do tych procedur dost\u0119pne s\u0105 w siedzibach oraz na stronach internetowych powiatowych (miejskich) rzecznik\u00f3w konsument\u00f3w, organizacji spo\u0142ecznych, do kt\u00f3rych zada\u0144 statutowych nale\u017cy ochrona konsument\u00f3w, Wojew\u00f3dzkich Inspektorat\u00f3w Inspekcji Handlowej oraz stronach internetowych Urz\u0119du Ochrony Konkurencji i Konsument\u00f3w.<br>Konsument w szczeg\u00f3lno\u015bci uprawniony jest do skorzystania z s\u0105dowych oraz pozas\u0105dowych metod rozwi\u0105zywania spor\u00f3w, w szczeg\u00f3lno\u015bci do zg\u0142oszenia spornej sprawy do powiatowych lub miejskich rzecznik\u00f3w konsument\u00f3w na terenie Rzeczypospolitej Polskiej lub korzystania z platformy polubownego rozwi\u0105zywania spor\u00f3w w ramach Unii Europejskiej, dost\u0119pnej pod adresem: http:\/\/ec.europa.eu\/consumers\/odr\/.<\/p>\n\n\n\n<p>\u00a7 15\u2028<\/p>\n\n\n\n<p>Dane osobowe w Sklepie internetowym<\/p>\n\n\n\n<p>1. Administratorem danych osobowych Klient\u00f3w zbieranych za po\u015brednictwem Sklepu internetowego jest Sprzedawca.<br>Dane osobowe Klient\u00f3w zbierane przez administratora za po\u015brednictwem Sklepu internetowego zbierane s\u0105 w celu realizacji Umowy Sprzeda\u017cy, a je\u017celi Klient wyrazi na to zgod\u0119 \u2013 tak\u017ce w celu marketingowym.<br>Z\u0142o\u017cenie Zam\u00f3wienia jest r\u00f3wnoznaczne ze zgod\u0105 na przetwarzanie danych osobowych Klienta przez Sklep w celu realizacji Zam\u00f3wienia, co mo\u017ce wi\u0105za\u0107 si\u0119 z przekazaniem tych danych innym podmiotom, takim jak np. operatorzy p\u0142atno\u015bci.<br>Klient ma prawo dost\u0119pu do tre\u015bci swoich danych oraz ich poprawiania.<br>Podanie danych osobowych jest dobrowolne, aczkolwiek niepodanie wskazanych w Regulaminie danych osobowych niezb\u0119dnych do zawarcia Umowy Sprzeda\u017cy skutkuje brakiem mo\u017cliwo\u015bci zawarcia tej\u017ce umowy.<\/p>\n\n\n\n<p>\u00a7 16<\/p>\n\n\n\n<p>\u2028Postanowienia ko\u0144cowe<\/p>\n\n\n\n<p>1. Umowy zawierane poprzez Sklep internetowy zawierane s\u0105 w j\u0119zyku polskim.<br>2. Sprzedawca zastrzega sobie prawo do dokonywania zmian Regulaminu z wa\u017cnych przyczyn to jest: zmiany przepis\u00f3w prawa, zmiany sposob\u00f3w p\u0142atno\u015bci i dostaw \u2013 w zakresie, w jakim te zmiany wp\u0142ywaj\u0105 na realizacj\u0119 postanowie\u0144 niniejszego Regulaminu.<br>3. W sprawach nieuregulowanych w niniejszym Regulaminie maj\u0105 zastosowanie powszechnie obowi\u0105zuj\u0105ce przepisy prawa polskiego, w szczeg\u00f3lno\u015bci: Kodeksu cywilnego; ustawy o \u015bwiadczeniu us\u0142ug drog\u0105 elektroniczn\u0105; ustawy o prawach konsumenta, ustawy o ochronie danych osobowych.<br>4. Regulamin wchodzi w \u017cycie z dniem publikacji na stronie internetowej Sklepu.<br>5. Zmiany Regulaminu wchodz\u0105 w \u017cycie od dnia ich og\u0142oszenia przez Sprzedawc\u0119<\/p>\n\n\n\n<p>6. Klient\u00f3w, kt\u00f3rzy dokonali zam\u00f3wienia przed wej\u015bciem w \u017cycie zmian Regulaminu, obowi\u0105zuje Regulamin dotychczasowy.<\/p>\n\n\n\n<p><\/p>\n","protected":false},"excerpt":{"rendered":"<p>\u00a7 1 Postanowienia wst\u0119pne 1. Sklep internetowy dost\u0119pny pod adresem internetowym https:\/\/budynosmakumickiewicza.pl\/ prowadzony jest przez Nikol\u0119 Ko\u0142odziejczyka prowadz\u0105cego dzia\u0142alno\u015b\u0107 gospodarcz\u0105<\/p>\n<p><span class=\"more-link\"><a href=\"https:\/\/budynosmakumickiewicza.pl\/index.php\/regulamin-sklepu\/\" class=\"readmore\">Continue reading<span class=\"screen-reader-text\">Regulamin Sklepu<\/span><\/a><\/span><\/p>\n","protected":false},"author":1,"featured_media":0,"parent":0,"menu_order":0,"comment_status":"closed","ping_status":"closed","template":"","meta":{"footnotes":""},"class_list":["post-26","page","type-page","status-publish","hentry"],"_links":{"self":[{"href":"https:\/\/budynosmakumickiewicza.pl\/index.php\/wp-json\/wp\/v2\/pages\/26","targetHints":{"allow":["GET"]}}],"collection":[{"href":"https:\/\/budynosmakumickiewicza.pl\/index.php\/wp-json\/wp\/v2\/pages"}],"about":[{"href":"https:\/\/budynosmakumickiewicza.pl\/index.php\/wp-json\/wp\/v2\/types\/page"}],"author":[{"embeddable":true,"href":"https:\/\/budynosmakumickiewicza.pl\/index.php\/wp-json\/wp\/v2\/users\/1"}],"replies":[{"embeddable":true,"href":"https:\/\/budynosmakumickiewicza.pl\/index.php\/wp-json\/wp\/v2\/comments?post=26"}],"version-history":[{"count":1,"href":"https:\/\/budynosmakumickiewicza.pl\/index.php\/wp-json\/wp\/v2\/pages\/26\/revisions"}],"predecessor-version":[{"id":27,"href":"https:\/\/budynosmakumickiewicza.pl\/index.php\/wp-json\/wp\/v2\/pages\/26\/revisions\/27"}],"wp:attachment":[{"href":"https:\/\/budynosmakumickiewicza.pl\/index.php\/wp-json\/wp\/v2\/media?parent=26"}],"curies":[{"name":"wp","href":"https:\/\/api.w.org\/{rel}","templated":true}]}}