{"id":22,"date":"2025-04-10T19:51:00","date_gmt":"2025-04-10T19:51:00","guid":{"rendered":"https:\/\/budynosmakumickiewicza.pl\/?page_id=22"},"modified":"2026-05-10T19:56:46","modified_gmt":"2026-05-10T19:56:46","slug":"przedsprzedaz-winyla","status":"publish","type":"page","link":"https:\/\/budynosmakumickiewicza.pl\/index.php\/przedsprzedaz-winyla\/","title":{"rendered":"Kup winyl"},"content":{"rendered":"\n<figure class=\"wp-block-image size-large\"><img loading=\"lazy\" decoding=\"async\" width=\"1024\" height=\"1024\" src=\"https:\/\/budynosmakumickiewicza.pl\/wp-content\/uploads\/2025\/04\/Budyn-all-1024x1024.jpg\" alt=\"\" class=\"wp-image-23\" srcset=\"https:\/\/budynosmakumickiewicza.pl\/wp-content\/uploads\/2025\/04\/Budyn-all-1024x1024.jpg 1024w, https:\/\/budynosmakumickiewicza.pl\/wp-content\/uploads\/2025\/04\/Budyn-all-300x300.jpg 300w, https:\/\/budynosmakumickiewicza.pl\/wp-content\/uploads\/2025\/04\/Budyn-all-150x150.jpg 150w, https:\/\/budynosmakumickiewicza.pl\/wp-content\/uploads\/2025\/04\/Budyn-all-768x768.jpg 768w, https:\/\/budynosmakumickiewicza.pl\/wp-content\/uploads\/2025\/04\/Budyn-all-1536x1536.jpg 1536w, https:\/\/budynosmakumickiewicza.pl\/wp-content\/uploads\/2025\/04\/Budyn-all-2048x2048.jpg 2048w, https:\/\/budynosmakumickiewicza.pl\/wp-content\/uploads\/2025\/04\/Budyn-all-666x666.jpg 666w, https:\/\/budynosmakumickiewicza.pl\/wp-content\/uploads\/2025\/04\/Budyn-all-96x96.jpg 96w\" sizes=\"auto, (max-width: 1024px) 100vw, 1024px\" \/><\/figure>\n\n\n\n<div class=\"wp-block-buttons is-layout-flex wp-block-buttons-is-layout-flex\">\n<div class=\"wp-block-button\"><a class=\"wp-block-button__link wp-element-button\" href=\"https:\/\/secure.tpay.com\/?h=7959c4ddd191edd15d944b2c1e310ce84351a5ba\">Kup z wysy\u0142k\u0105 do Polski<\/a><\/div>\n<\/div>\n\n\n\n<p>Limitowana edycja &#8211; 200 sztuk<\/p>\n\n\n\n<p>Album otrzyma\u0142 Fryderyka 2026 w kategorii <em>ALBUM ROKU \u2013 JAZZ EKSPERYMENTALNY<\/em>\/WSP\u00d3\u0141CZESNA MUZYKA IMPROWIZOWANA<\/p>\n\n\n\n<figure class=\"wp-block-image\"><img loading=\"lazy\" decoding=\"async\" width=\"2048\" height=\"1365\" src=\"http:\/\/budynosmakumickiewicza.pl\/wp-content\/uploads\/2026\/05\/670427421_1309373517959584_8717990922015351268_n.jpg\" alt=\"\" class=\"wp-image-45\" srcset=\"https:\/\/budynosmakumickiewicza.pl\/wp-content\/uploads\/2026\/05\/670427421_1309373517959584_8717990922015351268_n.jpg 2048w, https:\/\/budynosmakumickiewicza.pl\/wp-content\/uploads\/2026\/05\/670427421_1309373517959584_8717990922015351268_n-300x200.jpg 300w, https:\/\/budynosmakumickiewicza.pl\/wp-content\/uploads\/2026\/05\/670427421_1309373517959584_8717990922015351268_n-1024x683.jpg 1024w, https:\/\/budynosmakumickiewicza.pl\/wp-content\/uploads\/2026\/05\/670427421_1309373517959584_8717990922015351268_n-768x512.jpg 768w, https:\/\/budynosmakumickiewicza.pl\/wp-content\/uploads\/2026\/05\/670427421_1309373517959584_8717990922015351268_n-1536x1024.jpg 1536w, https:\/\/budynosmakumickiewicza.pl\/wp-content\/uploads\/2026\/05\/670427421_1309373517959584_8717990922015351268_n-920x613.jpg 920w, https:\/\/budynosmakumickiewicza.pl\/wp-content\/uploads\/2026\/05\/670427421_1309373517959584_8717990922015351268_n-666x444.jpg 666w\" sizes=\"auto, (max-width: 2048px) 100vw, 2048px\" \/><figcaption class=\"wp-element-caption\">Fot. Mieszko Pi\u0119tka \/ AKPA (press materials)<\/figcaption><\/figure>\n\n\n\n<p>Nikola otrzyma\u0142 r\u00f3wnie\u017c Fryderyka 2026 w kategorii Jazzowy Kompozytor Roku<\/p>\n\n\n\n<p class=\"has-dark-orange-color has-text-color has-link-color wp-elements-38f924fbbd5134db969f89412dd6e78f\">Cena podw\u00f3jnego winyla \u2014 <strong>200z\u0142 + VAT, Koszt wysy\u0142ki do Polski 30z\u0142<\/strong><\/p>\n\n\n\n<figure class=\"wp-block-image size-large\"><img loading=\"lazy\" decoding=\"async\" width=\"1024\" height=\"683\" src=\"https:\/\/budynosmakumickiewicza.pl\/wp-content\/uploads\/2026\/05\/506653493_1307145258079640_7981700231637327836_n-1024x683.jpg\" alt=\"\" class=\"wp-image-46\" srcset=\"https:\/\/budynosmakumickiewicza.pl\/wp-content\/uploads\/2026\/05\/506653493_1307145258079640_7981700231637327836_n-1024x683.jpg 1024w, https:\/\/budynosmakumickiewicza.pl\/wp-content\/uploads\/2026\/05\/506653493_1307145258079640_7981700231637327836_n-300x200.jpg 300w, https:\/\/budynosmakumickiewicza.pl\/wp-content\/uploads\/2026\/05\/506653493_1307145258079640_7981700231637327836_n-768x512.jpg 768w, https:\/\/budynosmakumickiewicza.pl\/wp-content\/uploads\/2026\/05\/506653493_1307145258079640_7981700231637327836_n-1536x1024.jpg 1536w, https:\/\/budynosmakumickiewicza.pl\/wp-content\/uploads\/2026\/05\/506653493_1307145258079640_7981700231637327836_n-920x613.jpg 920w, https:\/\/budynosmakumickiewicza.pl\/wp-content\/uploads\/2026\/05\/506653493_1307145258079640_7981700231637327836_n-666x444.jpg 666w, https:\/\/budynosmakumickiewicza.pl\/wp-content\/uploads\/2026\/05\/506653493_1307145258079640_7981700231637327836_n.jpg 2048w\" sizes=\"auto, (max-width: 1024px) 100vw, 1024px\" \/><figcaption class=\"wp-element-caption\">fot. Hubert Grygielewicz<\/figcaption><\/figure>\n\n\n\n<p>Transakcje obs\u0142uguje TPay<\/p>\n\n\n\n<p>O dane do wysy\u0142ki zapytamy e-mailem<\/p>\n\n\n\n<figure class=\"wp-block-embed is-type-video is-provider-youtube wp-block-embed-youtube wp-embed-aspect-16-9 wp-has-aspect-ratio\"><div class=\"wp-block-embed__wrapper\">\n<iframe loading=\"lazy\" title=\"Budy\u0144 o smaku Mickiewicza - Ballady i romanse | Nikola Ko\u0142odziejczyk Orchestra\" width=\"920\" height=\"518\" src=\"https:\/\/www.youtube.com\/embed\/gMuoY9ZGgxk?feature=oembed\" frameborder=\"0\" allow=\"accelerometer; autoplay; clipboard-write; encrypted-media; gyroscope; picture-in-picture; web-share\" referrerpolicy=\"strict-origin-when-cross-origin\" allowfullscreen><\/iframe>\n<\/div><\/figure>\n\n\n\n<p>Sprzeda\u017c prowadzi firma Przed Pa\u0144stwem Nikola Ko\u0142odziejczyk NIP: 9452032753 REGON: 540804370<\/p>\n\n\n\n<figure class=\"wp-block-embed is-type-video is-provider-youtube wp-block-embed-youtube wp-embed-aspect-16-9 wp-has-aspect-ratio\"><div class=\"wp-block-embed__wrapper\">\n<iframe loading=\"lazy\" title=\"Pierwiosnek | Nikola Ko\u0142odziejczyk Orchestra feat. Tomasz Organek\" width=\"920\" height=\"518\" src=\"https:\/\/www.youtube.com\/embed\/6qEOPHyiT2U?feature=oembed\" frameborder=\"0\" allow=\"accelerometer; autoplay; clipboard-write; encrypted-media; gyroscope; picture-in-picture; web-share\" referrerpolicy=\"strict-origin-when-cross-origin\" allowfullscreen><\/iframe>\n<\/div><\/figure>\n\n\n\n<p><a href=\"https:\/\/budynosmakumickiewicza.pl\/index.php\/regulamin-sklepu\/\">Regulamin sklepu<\/a><\/p>\n\n\n\n<p><a href=\"https:\/\/budynosmakumickiewicza.pl\/index.php\/polityka-prywatnosci\/\">Polityka Prywatno\u015bci<\/a><\/p>\n","protected":false},"excerpt":{"rendered":"<p>Limitowana edycja &#8211; 200 sztuk Album otrzyma\u0142 Fryderyka 2026 w kategorii ALBUM ROKU \u2013 JAZZ EKSPERYMENTALNY\/WSP\u00d3\u0141CZESNA MUZYKA IMPROWIZOWANA Nikola otrzyma\u0142<\/p>\n<p><span class=\"more-link\"><a href=\"https:\/\/budynosmakumickiewicza.pl\/index.php\/przedsprzedaz-winyla\/\" class=\"readmore\">Continue reading<span class=\"screen-reader-text\">Kup winyl<\/span><\/a><\/span><\/p>\n","protected":false},"author":1,"featured_media":0,"parent":0,"menu_order":0,"comment_status":"closed","ping_status":"closed","template":"","meta":{"footnotes":""},"class_list":["post-22","page","type-page","status-publish","hentry"],"_links":{"self":[{"href":"https:\/\/budynosmakumickiewicza.pl\/index.php\/wp-json\/wp\/v2\/pages\/22","targetHints":{"allow":["GET"]}}],"collection":[{"href":"https:\/\/budynosmakumickiewicza.pl\/index.php\/wp-json\/wp\/v2\/pages"}],"about":[{"href":"https:\/\/budynosmakumickiewicza.pl\/index.php\/wp-json\/wp\/v2\/types\/page"}],"author":[{"embeddable":true,"href":"https:\/\/budynosmakumickiewicza.pl\/index.php\/wp-json\/wp\/v2\/users\/1"}],"replies":[{"embeddable":true,"href":"https:\/\/budynosmakumickiewicza.pl\/index.php\/wp-json\/wp\/v2\/comments?post=22"}],"version-history":[{"count":11,"href":"https:\/\/budynosmakumickiewicza.pl\/index.php\/wp-json\/wp\/v2\/pages\/22\/revisions"}],"predecessor-version":[{"id":52,"href":"https:\/\/budynosmakumickiewicza.pl\/index.php\/wp-json\/wp\/v2\/pages\/22\/revisions\/52"}],"wp:attachment":[{"href":"https:\/\/budynosmakumickiewicza.pl\/index.php\/wp-json\/wp\/v2\/media?parent=22"}],"curies":[{"name":"wp","href":"https:\/\/api.w.org\/{rel}","templated":true}]}}